{"id":169,"date":"2016-12-30T11:03:24","date_gmt":"2016-12-30T11:03:24","guid":{"rendered":"https:\/\/demo.themegrill.com\/flash-pro-health\/?page_id=169"},"modified":"2025-05-09T15:56:05","modified_gmt":"2025-05-09T12:56:05","slug":"iletisim","status":"publish","type":"page","link":"https:\/\/aysetsarifova.com\/index.php\/iletisim\/","title":{"rendered":"\u0130leti\u015fim"},"content":{"rendered":"<div id=\"pl-169\"  class=\"panel-layout\" ><div id=\"pg-169-0\"  class=\"panel-grid panel-has-style\" ><div data-overlay-opactity=\"1\" class=\"panel-row-style panel-row-style-for-169-0\" ><div id=\"pgc-169-0-0\"  class=\"panel-grid-cell\" ><div id=\"panel-169-0-0-0\" class=\"so-panel widget widget_text panel-first-child panel-last-child\" data-index=\"0\" ><h3 class=\"widget-title\">\u0130leti\u015fim<\/h3>\t\t\t<div class=\"textwidget\"><div class=\"contact-address\">\n<h3 class=\"jicons-text\">Adres:<\/h3>\n<p>Ak\u015femseddin Mah. Sar\u0131g\u00fczel Cad. No:8 Fatih \/ \u0130stanbul<\/p>\n<\/div>\n<div class=\"contact-contactinfo\">\n<p><span class=\"jicons-text\">E-Posta:<\/span><span class=\"contact-emailto\"><span id=\"cloaka8ee22848c9f3762c149fc856e7347a4\"><a href=\"mailto:ayset@aysetsarifova.com\">ayset@aysetsarifova.com<\/a><\/span><\/span><\/p>\n<h3 class=\"jicons-text\">Telefon:<\/h3>\n<ul class=\"blank\">\n<li class=\"contact-telephone\">0 212 532 22 03<\/li>\n<li class=\"contact-mobile\">0 533 742 81 08<\/li>\n<\/ul>\n<\/div>\n<p>[everest_form id=&#8221;475&#8243;]<\/p>\n<\/div>\n\t\t<\/div><\/div><div id=\"pgc-169-0-1\"  class=\"panel-grid-cell\" ><div id=\"panel-169-0-1-0\" class=\"so-panel widget widget_themegrill_flash_heading tg-widget section-title-wrapper panel-first-child\" data-index=\"1\" >\t<div class=\"heading heading-left divider-with-icon heading-divider\">\n\t<h3 class=\"section-title\">B\u0130ZE ULA\u015eIN<\/h3>\n\t<div class=\"divider\"><i class=\"fa fa-heartbeat\"><\/i><\/div>\n<\/div>\n<\/div><div id=\"panel-169-0-1-1\" class=\"widget_text so-panel widget widget_custom_html panel-last-child\" data-index=\"2\" ><div class=\"textwidget custom-html-widget\"><iframe loading=\"lazy\" src=\"https:\/\/www.google.com\/maps\/embed?pb=!1m18!1m12!1m3!1d3010.3930087685458!2d28.946182315414333!3d41.0166569793!2m3!1f0!2f0!3f0!3m2!1i1024!2i768!4f13.1!3m3!1m2!1s0x14caba214a59a411%3A0xe5d941aca2f53eef!2zQXnFn2V0IMWeQVLEsEZPVkE!5e0!3m2!1str!2str!4v1584797389786!5m2!1str!2str\" width=\"600\" height=\"450\" frameborder=\"0\" style=\"border:0;\" allowfullscreen=\"\" aria-hidden=\"false\" tabindex=\"0\"><\/iframe><\/div><\/div><\/div><\/div><\/div><\/div>","protected":false},"excerpt":{"rendered":"<p>Adres: Ak\u015femseddin Mah. Sar\u0131g\u00fczel Cad. No:8 Fatih \/ \u0130stanbul E-Posta:ayset@aysetsarifova.com Telefon: 0 212 532 22 03 0 533 742 81 [&hellip;]<\/p>\n","protected":false},"author":2,"featured_media":0,"parent":0,"menu_order":0,"comment_status":"closed","ping_status":"closed","template":"page-templates\/pagebuilder.php","meta":{"footnotes":""},"class_list":["post-169","page","type-page","status-publish","hentry"],"_links":{"self":[{"href":"https:\/\/aysetsarifova.com\/index.php\/wp-json\/wp\/v2\/pages\/169","targetHints":{"allow":["GET"]}}],"collection":[{"href":"https:\/\/aysetsarifova.com\/index.php\/wp-json\/wp\/v2\/pages"}],"about":[{"href":"https:\/\/aysetsarifova.com\/index.php\/wp-json\/wp\/v2\/types\/page"}],"author":[{"embeddable":true,"href":"https:\/\/aysetsarifova.com\/index.php\/wp-json\/wp\/v2\/users\/2"}],"replies":[{"embeddable":true,"href":"https:\/\/aysetsarifova.com\/index.php\/wp-json\/wp\/v2\/comments?post=169"}],"version-history":[{"count":13,"href":"https:\/\/aysetsarifova.com\/index.php\/wp-json\/wp\/v2\/pages\/169\/revisions"}],"predecessor-version":[{"id":956,"href":"https:\/\/aysetsarifova.com\/index.php\/wp-json\/wp\/v2\/pages\/169\/revisions\/956"}],"wp:attachment":[{"href":"https:\/\/aysetsarifova.com\/index.php\/wp-json\/wp\/v2\/media?parent=169"}],"curies":[{"name":"wp","href":"https:\/\/api.w.org\/{rel}","templated":true}]}}