{"id":5,"date":"2016-12-19T08:29:55","date_gmt":"2016-12-19T08:29:55","guid":{"rendered":"http:\/\/demo.themegrill.com\/flash-pro-health\/?page_id=5"},"modified":"2022-07-01T09:35:26","modified_gmt":"2022-07-01T06:35:26","slug":"home","status":"publish","type":"page","link":"https:\/\/aysetsarifova.com\/","title":{"rendered":"Anasayfa"},"content":{"rendered":"<div id=\"pl-5\"  class=\"panel-layout\" ><div id=\"pg-5-0\"  class=\"panel-grid panel-has-style\" ><div class=\"siteorigin-panels-stretch panel-row-style panel-row-style-for-5-0\" data-stretch-type=\"full-stretched\" data-overlay-opactity=\"1\" ><div id=\"pgc-5-0-0\"  class=\"panel-grid-cell\" ><div id=\"panel-5-0-0-0\" class=\"so-panel widget widget_themegrill_flash_slider tg-section tg-slider-widget panel-first-child panel-last-child\" data-index=\"0\" ><div class=\"tg-slider-widget tg-slider-widget-container slider-light slider-content-center slider-control-center full-width \">\n\t<div class=\"tg-slider-container swiper-container\"\n\t     data-transition-autoplay=\"4000\"\n\t     data-autoplay=\"1\"\n\t     data-effect=\"slide\"\n\t     data-speed=\"1000\"\n\t     data-pause_on_hover=\"1\">\n\t\t<div class=\"swiper-wrapper\">\n\t\t\t\t\t\t\t\t\t<div class=\"swiper-slide\" >\n\t\t\t\t\t\t\t<figure class=\"slider-image\"\n\t\t\t\t\t\t\t        style=\"background-image: url( http:\/\/aysetsarifova.com\/wp-content\/uploads\/2020\/03\/s1.jpg );\">\n\t\t\t\t\t\t\t\t<img width=\"1600\" height=\"511\"\t\t\t\t\t\t\t\t\t\talt=\"\"\n\t\t\t\t\t\t\t\t\t\tsrc=\"http:\/\/aysetsarifova.com\/wp-content\/uploads\/2020\/03\/s1.jpg\"\n\t\t\t\t\t\t\t\t\t\ttitle=\"\" \/>\n\t\t\t\t\t\t\t\t<div class=\"overlay\"><\/div>\n\t\t\t\t\t\t\t<\/figure>\n\t\t\t\t\t\t\t<div class=\"slider-content\">\n\t\t\t\t\t\t\t\t<div class=\"tg-container\">\n\t\t\t\t\t\t\t\t\t\t\t\t\t\t\t\t\t\t\t<div class=\"caption-title\"><\/div>\n\t\t\t\t\t\t\t\t\t\t<div class=\"caption-desc\"><\/div>\n\t\t\t\t\t\t\t\t\t\t\t\t\t\t\t\t\t\t\t\t\t\t\t\t\t\t\t<\/div>\n\t\t\t\t\t\t\t<\/div>\n\t\t\t\t\t\t<\/div>\n\t\t\t\t\t\t\t\t\t\t\t\t<div class=\"swiper-slide\" >\n\t\t\t\t\t\t\t<figure class=\"slider-image\"\n\t\t\t\t\t\t\t        style=\"background-image: url( http:\/\/aysetsarifova.com\/wp-content\/uploads\/2020\/03\/s2.jpg );\">\n\t\t\t\t\t\t\t\t<img width=\"1600\" height=\"511\"\t\t\t\t\t\t\t\t\t\talt=\"\"\n\t\t\t\t\t\t\t\t\t\tsrc=\"http:\/\/aysetsarifova.com\/wp-content\/uploads\/2020\/03\/s2.jpg\"\n\t\t\t\t\t\t\t\t\t\ttitle=\"\" \/>\n\t\t\t\t\t\t\t\t<div class=\"overlay\"><\/div>\n\t\t\t\t\t\t\t<\/figure>\n\t\t\t\t\t\t\t<div class=\"slider-content\">\n\t\t\t\t\t\t\t\t<div class=\"tg-container\">\n\t\t\t\t\t\t\t\t\t\t\t\t\t\t\t\t\t\t\t<div class=\"caption-title\"><\/div>\n\t\t\t\t\t\t\t\t\t\t<div class=\"caption-desc\"><\/div>\n\t\t\t\t\t\t\t\t\t\t\t\t\t\t\t\t\t\t\t\t\t\t\t\t\t\t\t<\/div>\n\t\t\t\t\t\t\t<\/div>\n\t\t\t\t\t\t<\/div>\n\t\t\t\t\t\t\t\t\t\t\t\t<div class=\"swiper-slide\" >\n\t\t\t\t\t\t\t<figure class=\"slider-image\"\n\t\t\t\t\t\t\t        style=\"background-image: url( http:\/\/aysetsarifova.com\/wp-content\/uploads\/2020\/03\/s3.jpg );\">\n\t\t\t\t\t\t\t\t<img width=\"1600\" height=\"511\"\t\t\t\t\t\t\t\t\t\talt=\"\"\n\t\t\t\t\t\t\t\t\t\tsrc=\"http:\/\/aysetsarifova.com\/wp-content\/uploads\/2020\/03\/s3.jpg\"\n\t\t\t\t\t\t\t\t\t\ttitle=\"\" \/>\n\t\t\t\t\t\t\t\t<div class=\"overlay\"><\/div>\n\t\t\t\t\t\t\t<\/figure>\n\t\t\t\t\t\t\t<div class=\"slider-content\">\n\t\t\t\t\t\t\t\t<div class=\"tg-container\">\n\t\t\t\t\t\t\t\t\t\t\t\t\t\t\t\t\t\t\t<div class=\"caption-title\"><\/div>\n\t\t\t\t\t\t\t\t\t\t<div class=\"caption-desc\"><\/div>\n\t\t\t\t\t\t\t\t\t\t\t\t\t\t\t\t\t\t\t\t\t\t\t\t\t\t\t<\/div>\n\t\t\t\t\t\t\t<\/div>\n\t\t\t\t\t\t<\/div>\n\t\t\t\t\t\t\t\t\t\t\t\t<div class=\"swiper-slide\" >\n\t\t\t\t\t\t\t<figure class=\"slider-image\"\n\t\t\t\t\t\t\t        style=\"background-image: url( http:\/\/aysetsarifova.com\/wp-content\/uploads\/2020\/03\/s4.jpg );\">\n\t\t\t\t\t\t\t\t<img width=\"1600\" height=\"511\"\t\t\t\t\t\t\t\t\t\talt=\"\"\n\t\t\t\t\t\t\t\t\t\tsrc=\"http:\/\/aysetsarifova.com\/wp-content\/uploads\/2020\/03\/s4.jpg\"\n\t\t\t\t\t\t\t\t\t\ttitle=\"\" \/>\n\t\t\t\t\t\t\t\t<div class=\"overlay\"><\/div>\n\t\t\t\t\t\t\t<\/figure>\n\t\t\t\t\t\t\t<div class=\"slider-content\">\n\t\t\t\t\t\t\t\t<div class=\"tg-container\">\n\t\t\t\t\t\t\t\t\t\t\t\t\t\t\t\t\t\t\t<div class=\"caption-title\"><\/div>\n\t\t\t\t\t\t\t\t\t\t<div class=\"caption-desc\"><\/div>\n\t\t\t\t\t\t\t\t\t\t\t\t\t\t\t\t\t\t\t\t\t\t\t\t\t\t\t<\/div>\n\t\t\t\t\t\t\t<\/div>\n\t\t\t\t\t\t<\/div>\n\t\t\t\t\t\t\t\t<\/div>\n\t\t<div class=\"slider-arrow\">\n\t\t\t<div class=\"swiper-button-next\"><\/div>\n\t\t\t<div class=\"swiper-button-prev\"><\/div>\n\t\t<\/div>\n\n\t\t\t<\/div>\n\t<\/div>\n<\/div><\/div><\/div><\/div><div id=\"pg-5-1\"  class=\"panel-grid panel-has-style\" ><div class=\"siteorigin-panels-stretch panel-row-style panel-row-style-for-5-1\" data-stretch-type=\"full\" data-overlay-opactity=\"1\" ><div id=\"pgc-5-1-0\"  class=\"panel-grid-cell\" ><div id=\"panel-5-1-0-0\" class=\"so-panel widget widget_themegrill_flash_service tg-widget tg-single-service panel-first-child panel-last-child\" data-index=\"1\" ><div class=\"flash_inherit_color panel-widget-style panel-widget-style-for-5-1-0-0\" ><div class=\"tg-service-widget tg-service-layout-1\">\n\t<div class=\"service-wrapper\">\n\t\t\t\t\t\t\t\t\t<div class=\"service-icon-wrap\"><i class=\"fa fa-stethoscope\"><\/i><\/div>\n\t\t\t\t\t\t\t\t\t\t\t\t\t\t\t\t\t\t<h3 class=\"service-title-wrap\">\n\t\t\t\t\tAlan\u0131nda Uzman\t\t\t\t\t\t\t\t\t\t<\/h3>\n\t\t\t\t\t\t\t\t\t\t<div class=\"service-content-wrap\">Moskova T\u0131p Akademisi diplomal\u0131 doktor...<\/div>\n\t\t\t\t\t\t\t\t\t\t<\/div>\n<\/div>\n<\/div><\/div><\/div><div id=\"pgc-5-1-1\"  class=\"panel-grid-cell\" ><div id=\"panel-5-1-1-0\" class=\"so-panel widget widget_themegrill_flash_service tg-widget tg-single-service panel-first-child panel-last-child\" data-index=\"2\" ><div class=\"flash_inherit_color panel-widget-style panel-widget-style-for-5-1-1-0\" ><div class=\"tg-service-widget tg-service-layout-1\">\n\t<div class=\"service-wrapper\">\n\t\t\t\t\t\t\t\t\t<div class=\"service-icon-wrap\"><i class=\"fa fa-medkit\"><\/i><\/div>\n\t\t\t\t\t\t\t\t\t\t\t\t\t\t\t\t\t\t<h3 class=\"service-title-wrap\">\n\t\t\t\t\t40 Y\u0131ll\u0131k Tecr\u00fcbe\t\t\t\t\t\t\t\t\t\t<\/h3>\n\t\t\t\t\t\t\t\t\t\t<div class=\"service-content-wrap\">Dr. Ay\u015fet \u015earifova 40 y\u0131la yakla\u015fan bilgi ve tecr\u00fcbesiyle hizmetinizde...<\/div>\n\t\t\t\t\t\t\t\t\t\t<\/div>\n<\/div>\n<\/div><\/div><\/div><div id=\"pgc-5-1-2\"  class=\"panel-grid-cell\" ><div id=\"panel-5-1-2-0\" class=\"so-panel widget widget_themegrill_flash_service tg-widget tg-single-service panel-first-child panel-last-child\" data-index=\"3\" ><div class=\"flash_inherit_color panel-widget-style panel-widget-style-for-5-1-2-0\" ><div class=\"tg-service-widget tg-service-layout-1\">\n\t<div class=\"service-wrapper\">\n\t\t\t\t\t\t\t\t\t<div class=\"service-icon-wrap\"><i class=\"fa fa-modx\"><\/i><\/div>\n\t\t\t\t\t\t\t\t\t\t\t\t\t\t\t\t\t\t<h3 class=\"service-title-wrap\">\n\t\t\t\t\tDo\u011fal ve Sa\u011fl\u0131kl\u0131\t\t\t\t\t\t\t\t\t\t<\/h3>\n\t\t\t\t\t\t\t\t\t\t<div class=\"service-content-wrap\">Tamamen do\u011fal ve yan etkisi olmayan tedavi y\u00f6ntemleri...<\/div>\n\t\t\t\t\t\t\t\t\t\t<\/div>\n<\/div>\n<\/div><\/div><\/div><\/div><\/div><div id=\"pg-5-2\"  class=\"panel-grid panel-has-style\" ><div class=\"siteorigin-panels-stretch panel-row-style panel-row-style-for-5-2\" data-stretch-type=\"full\" data-overlay-opactity=\"1\" ><div id=\"pgc-5-2-0\"  class=\"panel-grid-cell\" ><div id=\"panel-5-2-0-0\" class=\"so-panel widget widget_themegrill_flash_cta tg-widget call-to-action-section panel-first-child panel-last-child\" data-index=\"4\" ><div class=\"cta-wrapper  center\">\n\t<div class=\"section-title-wrapper\">\n\t\t\t\t\t<h3 class=\"section-title\">S\u0130Z\u0130N \u0130\u00c7\u0130N BURADAYIZ<\/h3>\n\t\t\t\t<\/div>\n\t\t\t<div class=\"btn-wrapper\">\n\t\t\t\t\t\t\t<a class=\"btn\" href=\"https:\/\/fp40matlbe.preview.infomaniak.website\/index.php\/iletisim\" >Bize Ula\u015f\u0131n<\/a>\n\t\t\t\t\t\t\t\t<\/div>\n\t<\/div>\n<\/div><\/div><\/div><\/div><div id=\"pg-5-3\"  class=\"panel-grid panel-has-style\" ><div class=\"siteorigin-panels-stretch panel-row-style panel-row-style-for-5-3\" data-stretch-type=\"full\" data-overlay-opactity=\"1\" ><div id=\"pgc-5-3-0\"  class=\"panel-grid-cell\" ><div id=\"panel-5-3-0-0\" class=\"so-panel widget widget_themegrill_flash_heading tg-widget section-title-wrapper panel-first-child\" data-index=\"5\" ><div class=\"panel-widget-style panel-widget-style-for-5-3-0-0\" >\t<div class=\"heading heading-left divider-with-icon heading-divider\">\n\t<h3 class=\"section-title\">Ay\u015fet \u015eAR\u0130FOVA<\/h3>\n\t<div class=\"divider\"><i class=\"fa fa-heartbeat\"><\/i><\/div>\n<\/div>\n<\/div><\/div><div id=\"panel-5-3-0-1\" class=\"so-panel widget widget_text\" data-index=\"6\" ><div class=\"panel-widget-style panel-widget-style-for-5-3-0-1\" >\t\t\t<div class=\"textwidget\"><p>Rusya\u2019n\u0131n Da\u011f\u0131stan B\u00f6lgesinde (\u015eeyh \u015eamil\u2019in Do\u011fdu\u011fu Yer) \u015eamilsky \u0130l\u00e7esinde d\u00fcnyaya geldi. \u0130lk \u00f6\u011frenimini do\u011fdu\u011fu il\u00e7ede tamamlayan \u015earifova daha sonra Pyategorsk ili T\u0131p okulunu tamamlad\u0131.<\/p>\n\nDaha sonra Moskova Halk Sa\u011fl\u0131\u011f\u0131 Merkezinde Duygu D\u0131\u015f\u0131 Alg\u0131lama \/ Alt\u0131nc\u0131 His (extrasensorical) e\u011fitimini tamamlayarak Bitkilerle Tedavi ve Biyoenerji Uzman\u0131 oldu.\nDr. Ay\u015fet \u015earifova uzun s\u00fcredir T\u00fcrkiye\u2019de Biyoenerji ve Bitkisel Tedavi hizmetlerinde bulunmaktad\u0131r. Bir\u00e7ok bel ve boyun f\u0131t\u0131\u011f\u0131 hastas\u0131na, ciltte olu\u015fan yaralara \u015fifa kayna\u011f\u0131 olmu\u015ftur. <\/div>\n\t\t<\/div><\/div><div id=\"panel-5-3-0-2\" class=\"so-panel widget widget_themegrill_flash_image tg-widget tg-image-widget panel-last-child\" data-index=\"7\" ><div class=\"tg-image-block\">\n\t\t\t<img decoding=\"async\" src=\"https:\/\/demo.themegrill.com\/flash-pro-health\/wp-content\/uploads\/sites\/98\/2016\/12\/155157836484905140217.png\" alt=\"\" \/>\n\t\t<\/div>\n<\/div><\/div><div id=\"pgc-5-3-1\"  class=\"panel-grid-cell\" ><div id=\"panel-5-3-1-0\" class=\"so-panel widget widget_themegrill_flash_image tg-widget tg-image-widget panel-first-child panel-last-child\" data-index=\"8\" ><div class=\"tg-image-block\">\n\t\t\t<img decoding=\"async\" src=\"http:\/\/aysetsarifova.com\/wp-content\/uploads\/2020\/03\/aysetsarifova.jpg\" alt=\"\" \/>\n\t\t<\/div>\n<\/div><\/div><\/div><\/div><div id=\"pg-5-4\"  class=\"panel-grid panel-has-style\" ><div data-overlay-opactity=\"1\" class=\"panel-row-style panel-row-style-for-5-4\" ><div id=\"pgc-5-4-0\"  class=\"panel-grid-cell\" ><div id=\"panel-5-4-0-0\" class=\"so-panel widget widget_themegrill_flash_heading tg-widget section-title-wrapper panel-first-child\" data-index=\"9\" >\t<div class=\"heading heading-center divider-with-icon heading-divider\">\n\t<h3 class=\"section-title\">\u00d6NCE SA\u011eLIK<\/h3>\n\t<div class=\"divider\"><i class=\"fa fa-heartbeat\"><\/i><\/div>\n<\/div>\n<\/div><div id=\"panel-5-4-0-1\" class=\"so-panel widget widget_themegrill_flash_blog tg-widget blog-section panel-last-child\" data-index=\"10\" >\n\n<div class=\"blog-wrapper tg-column-wrapper tg-blog-widget-layout-2\">\n\t\t<div class=\"tg-blog-widget tg-column-3\">\n\t\t\t\t<div class=\"post-image \">\n\t\t\t<figure><a href=\"https:\/\/aysetsarifova.com\/index.php\/2020\/08\/09\/avaskuler-nekroz-ve-tedavisi\/\" title=\"Avask\u00fcler Nekroz ve Tedavisi\"><img loading=\"lazy\" decoding=\"async\" width=\"370\" height=\"270\" src=\"https:\/\/aysetsarifova.com\/wp-content\/uploads\/2020\/08\/chto-pokazyvayet-kt-tazobedrennykh-sustavov-370x270.jpg\" class=\"attachment-flash-grid size-flash-grid wp-post-image\" alt=\"\" \/><\/a><\/figure>\t\t\t\t\t\t<span class=\"entry-date\">\n\t\t\t\t<i class=\"fa fa-clock-o\"><\/i><a href=\"https:\/\/aysetsarifova.com\/index.php\/2020\/08\/09\/avaskuler-nekroz-ve-tedavisi\/\" rel=\"bookmark\">A\u011fu 09<\/a>\n\t\t\t<\/span>\n\t\t\t\t\t<\/div>\n\t\t<div class=\"blog-content\">\n\t\t\t<h3 class=\"entry-title\"><a href=\"https:\/\/aysetsarifova.com\/index.php\/2020\/08\/09\/avaskuler-nekroz-ve-tedavisi\/\">Avask\u00fcler Nekroz ve Tedavisi<\/a><\/h3>\n\t\t\t\t\t\t<div class=\"entry-summary\">\n\t\t\t\t<p>Avask\u00fcler Nekroz, kemik dokusunun kademeli olarak tahrip olmas\u0131yla ortaya \u00e7\u0131kar. Ba\u015flang\u0131\u00e7ta etkilenen b\u00f6lgedeki a\u011fr\u0131lar ile kendini g\u00f6steren hastal\u0131k; a\u011fr\u0131lar\u0131n giderek [&hellip;]<\/p>\n\t\t\t<\/div>\n\t\t\t\t\t\t<div class=\"read-more-container\">\n\t\t\t\t<span class=\"entry-author\">\n\t\t\t\t\t<i class=\"fa fa-user\"><\/i><a class=\"url fn n\" href=\"https:\/\/aysetsarifova.com\/index.php\/author\/dmin\/\">@dmin<\/a>\n\t\t\t\t<\/span>\n\t\t\t\t<div class=\"read-more\">\n\t\t\t\t\t<a href=\"https:\/\/aysetsarifova.com\/index.php\/2020\/08\/09\/avaskuler-nekroz-ve-tedavisi\/\">Read More<\/a>\n\t\t\t\t<\/div>\n\t\t\t<\/div>\n\t\t\t\t\t<\/div>\n\t<\/div>\n\t\t<div class=\"tg-blog-widget tg-column-3\">\n\t\t\t\t<div class=\"post-image \">\n\t\t\t<figure><a href=\"https:\/\/aysetsarifova.com\/index.php\/2017\/06\/10\/siyatik-nedir\/\" title=\"Siyatik Nedir?\"><img loading=\"lazy\" decoding=\"async\" width=\"370\" height=\"270\" src=\"https:\/\/aysetsarifova.com\/wp-content\/uploads\/2017\/06\/siyatik_g-370x270.jpg\" class=\"attachment-flash-grid size-flash-grid wp-post-image\" alt=\"\" \/><\/a><\/figure>\t\t\t\t\t\t<span class=\"entry-date\">\n\t\t\t\t<i class=\"fa fa-clock-o\"><\/i><a href=\"https:\/\/aysetsarifova.com\/index.php\/2017\/06\/10\/siyatik-nedir\/\" rel=\"bookmark\">Haz 10<\/a>\n\t\t\t<\/span>\n\t\t\t\t\t<\/div>\n\t\t<div class=\"blog-content\">\n\t\t\t<h3 class=\"entry-title\"><a href=\"https:\/\/aysetsarifova.com\/index.php\/2017\/06\/10\/siyatik-nedir\/\">Siyatik Nedir?<\/a><\/h3>\n\t\t\t\t\t\t<div class=\"entry-summary\">\n\t\t\t\t<p>Belirtileri ve sebepleri&nbsp; Siyatik, omurilik aral\u0131\u011f\u0131nda (disk) bulunan sinir k\u00f6klerinin iltihablanmas\u0131d\u0131r. Siyatik aniden \u015fiddetli ve dayan\u0131lmas\u0131 zor bir a\u011fr\u0131 \u015feklinde [&hellip;]<\/p>\n\t\t\t<\/div>\n\t\t\t\t\t\t<div class=\"read-more-container\">\n\t\t\t\t<span class=\"entry-author\">\n\t\t\t\t\t<i class=\"fa fa-user\"><\/i><a class=\"url fn n\" href=\"https:\/\/aysetsarifova.com\/index.php\/author\/dmin\/\">@dmin<\/a>\n\t\t\t\t<\/span>\n\t\t\t\t<div class=\"read-more\">\n\t\t\t\t\t<a href=\"https:\/\/aysetsarifova.com\/index.php\/2017\/06\/10\/siyatik-nedir\/\">Read More<\/a>\n\t\t\t\t<\/div>\n\t\t\t<\/div>\n\t\t\t\t\t<\/div>\n\t<\/div>\n\t\t<div class=\"tg-blog-widget tg-column-3\">\n\t\t\t\t<div class=\"post-image \">\n\t\t\t<figure><a href=\"https:\/\/aysetsarifova.com\/index.php\/2016\/10\/05\/sokoterapi\/\" title=\"Sokoterapi\"><img loading=\"lazy\" decoding=\"async\" width=\"300\" height=\"199\" src=\"https:\/\/aysetsarifova.com\/wp-content\/uploads\/2016\/10\/sokoterapi.jpg\" class=\"attachment-flash-grid size-flash-grid wp-post-image\" alt=\"\" \/><\/a><\/figure>\t\t\t\t\t\t<span class=\"entry-date\">\n\t\t\t\t<i class=\"fa fa-clock-o\"><\/i><a href=\"https:\/\/aysetsarifova.com\/index.php\/2016\/10\/05\/sokoterapi\/\" rel=\"bookmark\">Eki 05<\/a>\n\t\t\t<\/span>\n\t\t\t\t\t<\/div>\n\t\t<div class=\"blog-content\">\n\t\t\t<h3 class=\"entry-title\"><a href=\"https:\/\/aysetsarifova.com\/index.php\/2016\/10\/05\/sokoterapi\/\">Sokoterapi<\/a><\/h3>\n\t\t\t\t\t\t<div class=\"entry-summary\">\n\t\t\t\t<p>Sa\u011fl\u0131kl\u0131 beslenmede meyve ve sebzenin yeri \u00e7ok \u00f6nemlidir: Taze s\u0131k\u0131lm\u0131\u015f meyve ve sebze sular\u0131 vitamin ve mineral deposudur. G\u00fcnl\u00fck taze [&hellip;]<\/p>\n\t\t\t<\/div>\n\t\t\t\t\t\t<div class=\"read-more-container\">\n\t\t\t\t<span class=\"entry-author\">\n\t\t\t\t\t<i class=\"fa fa-user\"><\/i><a class=\"url fn n\" href=\"https:\/\/aysetsarifova.com\/index.php\/author\/dmin\/\">@dmin<\/a>\n\t\t\t\t<\/span>\n\t\t\t\t<div class=\"read-more\">\n\t\t\t\t\t<a href=\"https:\/\/aysetsarifova.com\/index.php\/2016\/10\/05\/sokoterapi\/\">Read More<\/a>\n\t\t\t\t<\/div>\n\t\t\t<\/div>\n\t\t\t\t\t<\/div>\n\t<\/div>\n\t<\/div><!-- .blog-wrapper -->\n<\/div><\/div><\/div><\/div><div id=\"pg-5-5\"  class=\"panel-grid panel-has-style\" ><div data-overlay-opactity=\"1\" class=\"panel-row-style panel-row-style-for-5-5\" ><div id=\"pgc-5-5-0\"  class=\"panel-grid-cell\" ><div id=\"panel-5-5-0-0\" class=\"so-panel widget widget_themegrill_flash_heading tg-widget section-title-wrapper panel-first-child\" data-index=\"11\" >\t<div class=\"heading heading-center divider-with-icon heading-divider\">\n\t<h3 class=\"section-title\">SA\u011eLIKLI K\u00dcRLER<\/h3>\n\t<div class=\"divider\"><i class=\"fa fa-heartbeat\"><\/i><\/div>\n<\/div>\n<\/div><div id=\"panel-5-5-0-1\" class=\"so-panel widget widget_themegrill_flash_blog tg-widget blog-section panel-last-child\" data-index=\"12\" >\n\n<div class=\"blog-wrapper tg-column-wrapper tg-blog-widget-layout-2\">\n\t\t<div class=\"tg-blog-widget tg-column-3\">\n\t\t\t\t<div class=\"post-image image-none\">\n\t\t\t\t\t\t\t\t\t<span class=\"entry-date\">\n\t\t\t\t<i class=\"fa fa-clock-o\"><\/i><a href=\"https:\/\/aysetsarifova.com\/index.php\/2016\/10\/05\/zayiflamak-icin\/\" rel=\"bookmark\">Eki 05<\/a>\n\t\t\t<\/span>\n\t\t\t\t\t<\/div>\n\t\t<div class=\"blog-content\">\n\t\t\t<h3 class=\"entry-title\"><a href=\"https:\/\/aysetsarifova.com\/index.php\/2016\/10\/05\/zayiflamak-icin\/\">Zay\u0131flamak \u0130\u00e7in<\/a><\/h3>\n\t\t\t\t\t\t<div class=\"entry-summary\">\n\t\t\t\t<p>Zay\u0131flamak ve g\u00fczelle\u015fmek i\u00e7in iki \u00f6zel diyet. 1: Yeterli miktarda kereviz. Ki\u015fi kendine g\u00f6re belirler. Yeterli miktarda salatal\u0131k Yeterli miktarda [&hellip;]<\/p>\n\t\t\t<\/div>\n\t\t\t\t\t\t<div class=\"read-more-container\">\n\t\t\t\t<span class=\"entry-author\">\n\t\t\t\t\t<i class=\"fa fa-user\"><\/i><a class=\"url fn n\" href=\"https:\/\/aysetsarifova.com\/index.php\/author\/dmin\/\">@dmin<\/a>\n\t\t\t\t<\/span>\n\t\t\t\t<div class=\"read-more\">\n\t\t\t\t\t<a href=\"https:\/\/aysetsarifova.com\/index.php\/2016\/10\/05\/zayiflamak-icin\/\">Read More<\/a>\n\t\t\t\t<\/div>\n\t\t\t<\/div>\n\t\t\t\t\t<\/div>\n\t<\/div>\n\t\t<div class=\"tg-blog-widget tg-column-3\">\n\t\t\t\t<div class=\"post-image image-none\">\n\t\t\t\t\t\t\t\t\t<span class=\"entry-date\">\n\t\t\t\t<i class=\"fa fa-clock-o\"><\/i><a href=\"https:\/\/aysetsarifova.com\/index.php\/2016\/10\/05\/stresten-korunma\/\" rel=\"bookmark\">Eki 05<\/a>\n\t\t\t<\/span>\n\t\t\t\t\t<\/div>\n\t\t<div class=\"blog-content\">\n\t\t\t<h3 class=\"entry-title\"><a href=\"https:\/\/aysetsarifova.com\/index.php\/2016\/10\/05\/stresten-korunma\/\">Stresten Korunma<\/a><\/h3>\n\t\t\t\t\t\t<div class=\"entry-summary\">\n\t\t\t\t<p>Malzemeler : Portakal kabu\u011fu, 5 adet ceviz 1 adet limon maydanoz badem (iki yemek ka\u015f\u0131\u011f\u0131) Ispanak 1 adet elma kereviz [&hellip;]<\/p>\n\t\t\t<\/div>\n\t\t\t\t\t\t<div class=\"read-more-container\">\n\t\t\t\t<span class=\"entry-author\">\n\t\t\t\t\t<i class=\"fa fa-user\"><\/i><a class=\"url fn n\" href=\"https:\/\/aysetsarifova.com\/index.php\/author\/dmin\/\">@dmin<\/a>\n\t\t\t\t<\/span>\n\t\t\t\t<div class=\"read-more\">\n\t\t\t\t\t<a href=\"https:\/\/aysetsarifova.com\/index.php\/2016\/10\/05\/stresten-korunma\/\">Read More<\/a>\n\t\t\t\t<\/div>\n\t\t\t<\/div>\n\t\t\t\t\t<\/div>\n\t<\/div>\n\t\t<div class=\"tg-blog-widget tg-column-3\">\n\t\t\t\t<div class=\"post-image image-none\">\n\t\t\t\t\t\t\t\t\t<span class=\"entry-date\">\n\t\t\t\t<i class=\"fa fa-clock-o\"><\/i><a href=\"https:\/\/aysetsarifova.com\/index.php\/2016\/10\/05\/sinuzit\/\" rel=\"bookmark\">Eki 05<\/a>\n\t\t\t<\/span>\n\t\t\t\t\t<\/div>\n\t\t<div class=\"blog-content\">\n\t\t\t<h3 class=\"entry-title\"><a href=\"https:\/\/aysetsarifova.com\/index.php\/2016\/10\/05\/sinuzit\/\">Sin\u00fczit<\/a><\/h3>\n\t\t\t\t\t\t<div class=\"entry-summary\">\n\t\t\t\t<p>Bir su barda\u011f\u0131 gerekmektedir. G\u00fcnde 4 defa yap\u0131lmal\u0131. Yap\u0131l\u0131\u015f\u0131: Demlenen Efkalipt\u2019in \u0131l\u0131k olmas\u0131 gerekmektedir. Burundan a\u011fza gelene kadar \u00e7ekilir. A\u011f\u0131z [&hellip;]<\/p>\n\t\t\t<\/div>\n\t\t\t\t\t\t<div class=\"read-more-container\">\n\t\t\t\t<span class=\"entry-author\">\n\t\t\t\t\t<i class=\"fa fa-user\"><\/i><a class=\"url fn n\" href=\"https:\/\/aysetsarifova.com\/index.php\/author\/dmin\/\">@dmin<\/a>\n\t\t\t\t<\/span>\n\t\t\t\t<div class=\"read-more\">\n\t\t\t\t\t<a href=\"https:\/\/aysetsarifova.com\/index.php\/2016\/10\/05\/sinuzit\/\">Read More<\/a>\n\t\t\t\t<\/div>\n\t\t\t<\/div>\n\t\t\t\t\t<\/div>\n\t<\/div>\n\t<\/div><!-- .blog-wrapper -->\n<\/div><\/div><\/div><\/div><\/div>","protected":false},"excerpt":{"rendered":"<p>Alan\u0131nda Uzman Moskova T\u0131p Akademisi diplomal\u0131 doktor&#8230; 40 Y\u0131ll\u0131k Tecr\u00fcbe Dr. Ay\u015fet \u015earifova 40 y\u0131la yakla\u015fan bilgi ve tecr\u00fcbesiyle hizmetinizde&#8230; [&hellip;]<\/p>\n","protected":false},"author":2,"featured_media":0,"parent":0,"menu_order":0,"comment_status":"closed","ping_status":"closed","template":"page-templates\/pagebuilder.php","meta":{"footnotes":""},"class_list":["post-5","page","type-page","status-publish","hentry"],"_links":{"self":[{"href":"https:\/\/aysetsarifova.com\/index.php\/wp-json\/wp\/v2\/pages\/5","targetHints":{"allow":["GET"]}}],"collection":[{"href":"https:\/\/aysetsarifova.com\/index.php\/wp-json\/wp\/v2\/pages"}],"about":[{"href":"https:\/\/aysetsarifova.com\/index.php\/wp-json\/wp\/v2\/types\/page"}],"author":[{"embeddable":true,"href":"https:\/\/aysetsarifova.com\/index.php\/wp-json\/wp\/v2\/users\/2"}],"replies":[{"embeddable":true,"href":"https:\/\/aysetsarifova.com\/index.php\/wp-json\/wp\/v2\/comments?post=5"}],"version-history":[{"count":77,"href":"https:\/\/aysetsarifova.com\/index.php\/wp-json\/wp\/v2\/pages\/5\/revisions"}],"predecessor-version":[{"id":940,"href":"https:\/\/aysetsarifova.com\/index.php\/wp-json\/wp\/v2\/pages\/5\/revisions\/940"}],"wp:attachment":[{"href":"https:\/\/aysetsarifova.com\/index.php\/wp-json\/wp\/v2\/media?parent=5"}],"curies":[{"name":"wp","href":"https:\/\/api.w.org\/{rel}","templated":true}]}}